{"id":387,"date":"2019-01-04T13:24:13","date_gmt":"2019-01-04T13:24:13","guid":{"rendered":"https:\/\/manon.qodeinteractive.com\/?page_id=387"},"modified":"2026-01-20T11:50:26","modified_gmt":"2026-01-20T11:50:26","slug":"servicios","status":"publish","type":"page","link":"https:\/\/www.20monos.com\/index.php\/servicios\/","title":{"rendered":"Servicios"},"content":{"rendered":"<p>[vc_row][vc_column]<div class=\"edgtf-elements-holder   edgtf-one-column  edgtf-responsive-mode-768 \" ><div class=\"edgtf-eh-item     \"  data-item-class=\"edgtf-eh-custom-2467\" data-769-1024=\"60px 60px 0px\" data-681-768=\"60px 60px 0px\" data-680=\"30px 38px 0px\">\n\t<div class=\"edgtf-eh-item-inner\">\n\t\t<div class=\"edgtf-eh-item-content edgtf-eh-custom-2467\" style=\"padding: 0px 70px 0px\">\n\t\t\t[vc_empty_space]<div class=\"edgtf-text-marquee edgtf-tm-6233 edgtf-hollow-text\" style=\"color: #ffffff;font-size: 200px;line-height: 1em\" data-item-class=\"edgtf-tm-6233\" data-font-size-1024=\"160px\" data-font-size-768=\"160px\">\n    <span class=\"edgtf-marquee-element edgtf-original-text\">Comunicamos interna y externamente la visi\u00f3n y misi\u00f3n de la empresa<\/span>\n    <span class=\"edgtf-marquee-element edgtf-aux-text\">Comunicamos interna y externamente la visi\u00f3n y misi\u00f3n de la empresa<\/span>\n<\/div>\t\t<\/div>\n\t<\/div>\n<\/div><\/div>[\/vc_column][\/vc_row][vc_row row_content_width=\u00bbgrid\u00bb css=\u00bb.vc_custom_1547481087568{padding-top: 148px !important;}\u00bb][vc_column]<div class=\"edgtf-elements-holder   edgtf-one-column  edgtf-responsive-mode-768 \" ><div class=\"edgtf-eh-item     \"  data-item-class=\"edgtf-eh-custom-6022\">\n\t<div class=\"edgtf-eh-item-inner\">\n\t\t<div class=\"edgtf-eh-item-content edgtf-eh-custom-6022\" style=\"padding: 0px 0px\">\n\t\t\t<div class=\"edgtf-section-title-holder  edgtf-st-standard edgtf-st-title-left edgtf-st-normal-space \" >\n\t<div class=\"edgtf-st-inner\">\n\t\t\t\t\t<h2 class=\"edgtf-st-title\" >\n\t\t\t\tcreamos\t\t\t<\/h2>\n\t\t\t\t\t<\/div>\n<\/div>[vc_empty_space]\t\t<\/div>\n\t<\/div>\n<\/div><\/div>[\/vc_column][\/vc_row][vc_row content_placement=\u00bbtop\u00bb row_content_width=\u00bbgrid\u00bb css=\u00bb.vc_custom_1545926961944{padding-top: 32px !important;padding-bottom: 153px !important;}\u00bb][vc_column]<div class=\"edgtf-elements-holder   edgtf-three-columns  edgtf-responsive-mode-1024 \" ><div class=\"edgtf-eh-item  edgtf-vertical-alignment-top   \"  data-item-class=\"edgtf-eh-custom-5597\" data-1025-1366=\"0px 35px 0px 0px\" data-769-1024=\"0px 0px 30px\" data-681-768=\"0px 0px 30px\" data-680=\"0px 0px 30px\">\n\t<div class=\"edgtf-eh-item-inner\">\n\t\t<div class=\"edgtf-eh-item-content edgtf-eh-custom-5597\" style=\"padding: 0px 50px 0px 0px\">\n\t\t\t[vc_single_image image=\u00bb3783&#8243; alignment=\u00bbcenter\u00bb onclick=\u00bbcustom_link\u00bb link=\u00bbhttps:\/\/www.20monos.com\/index.php\/campanas\/\u00bb][vc_empty_space height=\u00bb10&#8243;][vc_column_text]<\/p>\n<h4 style=\"text-align: center;\"><strong><a href=\"https:\/\/www.20monos.com\/index.php\/campanas\/\"><span style=\"color: #ea560d;\">IMAGEN <\/span><\/a><\/strong><strong>CORPORATIVA<\/strong><\/h4>\n<p>[\/vc_column_text]\t\t<\/div>\n\t<\/div>\n<\/div><div class=\"edgtf-eh-item  edgtf-vertical-alignment-top   \"  data-item-class=\"edgtf-eh-custom-6659\" data-1025-1366=\"0px 0px 0px 35px\" data-769-1024=\"0px 0px 30px\" data-681-768=\"0px 0px 30px\" data-680=\"0px 0px 30px\">\n\t<div class=\"edgtf-eh-item-inner\">\n\t\t<div class=\"edgtf-eh-item-content edgtf-eh-custom-6659\" style=\"padding: 0px 0px 0px 50px\">\n\t\t\t[vc_single_image image=\u00bb3784&#8243; alignment=\u00bbcenter\u00bb onclick=\u00bbcustom_link\u00bb link=\u00bbhttps:\/\/www.20monos.com\/index.php\/spots-y-campanas\/\u00bb][vc_empty_space height=\u00bb10&#8243;][vc_column_text]<\/p>\n<h4 style=\"text-align: center;\"><strong>CAMPA\u00d1AS <span style=\"color: #ea560d;\">PUBLICITARIAS<\/span>\u00a0<\/strong><strong>Y <a href=\"https:\/\/www.20monos.com\/index.php\/spots-y-campanas\/\"><span style=\"color: #ea560d;\">PROMOCIONALES<\/span><\/a><\/strong><\/h4>\n<p>[\/vc_column_text]\t\t<\/div>\n\t<\/div>\n<\/div><div class=\"edgtf-eh-item  edgtf-vertical-alignment-top   \"  data-item-class=\"edgtf-eh-custom-9435\" data-1025-1366=\"0px 0px 0px 70px\" data-769-1024=\"0px\" data-681-768=\"0px\" data-680=\"0px\">\n\t<div class=\"edgtf-eh-item-inner\">\n\t\t<div class=\"edgtf-eh-item-content edgtf-eh-custom-9435\" style=\"padding: 0px 0px 0px 100px\">\n\t\t\t[vc_single_image image=\u00bb3785&#8243; alignment=\u00bbcenter\u00bb onclick=\u00bbcustom_link\u00bb link=\u00bbhttps:\/\/www.20monos.com\/index.php\/webs\/\u00bb][vc_empty_space height=\u00bb10&#8243;][vc_column_text]<\/p>\n<h4 style=\"text-align: center;\"><strong>Dise\u00f1o de <a href=\"https:\/\/www.20monos.com\/index.php\/webs\/\"><span style=\"color: #ea560d;\">P\u00e1ginas Web<\/span><\/a><\/strong><\/h4>\n<p>[\/vc_column_text]\t\t<\/div>\n\t<\/div>\n<\/div><\/div>[\/vc_column][\/vc_row][vc_row content_placement=\u00bbtop\u00bb row_content_width=\u00bbgrid\u00bb css=\u00bb.vc_custom_1545926961944{padding-top: 32px !important;padding-bottom: 153px !important;}\u00bb][vc_column]<div class=\"edgtf-elements-holder   edgtf-three-columns  edgtf-responsive-mode-1024 \" ><div class=\"edgtf-eh-item  edgtf-vertical-alignment-top   \"  data-item-class=\"edgtf-eh-custom-1982\" data-1025-1366=\"0px 35px 0px 0px\" data-769-1024=\"0px 0px 30px\" data-681-768=\"0px 0px 30px\" data-680=\"0px 0px 30px\">\n\t<div class=\"edgtf-eh-item-inner\">\n\t\t<div class=\"edgtf-eh-item-content edgtf-eh-custom-1982\" style=\"padding: 0px 50px 0px 0px\">\n\t\t\t[vc_single_image image=\u00bb3786&#8243; alignment=\u00bbcenter\u00bb][vc_empty_space height=\u00bb10&#8243;][vc_column_text]<\/p>\n<h4 style=\"text-align: center;\"><strong>Estrategia <span style=\"color: #ea560d;\">Social Media <\/span><\/strong><\/h4>\n<p>[\/vc_column_text]\t\t<\/div>\n\t<\/div>\n<\/div><div class=\"edgtf-eh-item  edgtf-vertical-alignment-top   \"  data-item-class=\"edgtf-eh-custom-9806\" data-1025-1366=\"0px 0px 0px 35px\" data-769-1024=\"0px 0px 30px\" data-681-768=\"0px 0px 30px\" data-680=\"0px 0px 30px\">\n\t<div class=\"edgtf-eh-item-inner\">\n\t\t<div class=\"edgtf-eh-item-content edgtf-eh-custom-9806\" style=\"padding: 0px 0px 0px 50px\">\n\t\t\t[vc_single_image image=\u00bb3787&#8243; alignment=\u00bbcenter\u00bb onclick=\u00bbcustom_link\u00bb link=\u00bbhttps:\/\/www.20monos.com\/index.php\/merchandising\/\u00bb][vc_empty_space height=\u00bb10&#8243;][vc_column_text]<\/p>\n<h4 style=\"text-align: center;\"><strong>DISE\u00d1O DE <span style=\"color: #ea560d;\">PACKAGING<\/span> Y DESARROLLO DE <a href=\"https:\/\/www.20monos.com\/index.php\/merchandising\/\"><span style=\"color: #ea560d;\">NUEVOS PRODUCTOS<\/span><\/a><\/strong><\/h4>\n<p>[\/vc_column_text]\t\t<\/div>\n\t<\/div>\n<\/div><div class=\"edgtf-eh-item  edgtf-vertical-alignment-top   \"  data-item-class=\"edgtf-eh-custom-6495\" data-1025-1366=\"0px 0px 0px 70px\" data-769-1024=\"0px\" data-681-768=\"0px\" data-680=\"0px\">\n\t<div class=\"edgtf-eh-item-inner\">\n\t\t<div class=\"edgtf-eh-item-content edgtf-eh-custom-6495\" style=\"padding: 0px 0px 0px 100px\">\n\t\t\t[vc_single_image image=\u00bb3788&#8243; alignment=\u00bbcenter\u00bb onclick=\u00bbcustom_link\u00bb link=\u00bbhttps:\/\/www.20monos.com\/index.php\/eventos\/\u00bb][vc_empty_space height=\u00bb10&#8243;][vc_column_text]<\/p>\n<h4 style=\"text-align: center;\"><strong><span style=\"color: #ea560d;\"><a href=\"https:\/\/www.20monos.com\/index.php\/eventos\/\">EVENTOS<\/a> <\/span>Y CONVENCIONES<\/strong><\/h4>\n<p>[\/vc_column_text]\t\t<\/div>\n\t<\/div>\n<\/div><\/div>[\/vc_column][\/vc_row][vc_row content_placement=\u00bbbottom\u00bb row_content_width=\u00bbgrid\u00bb css=\u00bb.vc_custom_1549022023132{padding-top: 170px !important;padding-bottom: 183px !important;}\u00bb][vc_column]<div class=\"edgtf-elements-holder   edgtf-two-columns  edgtf-responsive-mode-1024 \" ><div class=\"edgtf-eh-item  edgtf-vertical-alignment-bottom   \"  data-item-class=\"edgtf-eh-custom-8598\" data-1025-1366=\"0 37px 0 0\" data-769-1024=\"0 170px 0 0\" data-681-768=\"0 0 0 0\" data-680=\"0 0 0 0\">\n\t<div class=\"edgtf-eh-item-inner\">\n\t\t<div class=\"edgtf-eh-item-content edgtf-eh-custom-8598\" style=\"padding: 0 70px 0 0\">\n\t\t\t<div class=\"edgtf-section-title-holder  edgtf-st-standard edgtf-st-title-left edgtf-st-normal-space \" >\n\t<div class=\"edgtf-st-inner\">\n\t\t\t\t\t<h2 class=\"edgtf-st-title\" >\n\t\t\t\tServicios\t\t\t<\/h2>\n\t\t\t\t\t\t\t<p class=\"edgtf-st-text\" style=\"margin-top: 28px\">\n\t\t\t\tEn 20 Monos ofrecemos un servicio constante, r\u00e1pido y de comunicaci\u00f3n global.<br \/>\nAfrontamos cada trabajo como un desaf\u00edo a superar, porque nos gusta enfrentarnos a problemas y encontrar la soluci\u00f3n, sea estrat\u00e9gica , relacional, interactiva, o publicitaria.\nBuscamos las opciones m\u00e1s innovadoras y eficaces a cada proyecto, porque lo importante es: VENDER.\nLe ayudamos a:<br \/>\n- Encontrar nuevas oportunidades de negocio.<br \/>\n- Encontrar y llegar a nuevos clientes.<br \/>\n- Fidelizar a los que tenemos.<br \/>\n- Comunicar interna y externamente la visi\u00f3n y misi\u00f3n de la empresa\t\t\t<\/p>\n\t\t\t<\/div>\n<\/div>\t\t<\/div>\n\t<\/div>\n<\/div><div class=\"edgtf-eh-item  edgtf-vertical-alignment-bottom   \"  data-item-class=\"edgtf-eh-custom-5855\"  >\n\t<div class=\"edgtf-eh-item-inner\">\n\t\t<div class=\"edgtf-eh-item-content edgtf-eh-custom-5855\" style=\"padding: 0 9% 0 0\">\n\t\t\t<div class=\"edgtf-progress-bar  edgtf-pb-percent-floating\">\n\t<h6 class=\"edgtf-pb-title-holder\" >\n\t\t<span class=\"edgtf-pb-title\">Marketing<\/span>\n\t\t<span class=\"edgtf-pb-percent\">0<\/span>\n\t<\/h6>\n\t<div class=\"edgtf-pb-content-holder\" >\n\t\t<div data-percentage=100 class=\"edgtf-pb-content\" ><\/div>\n\t<\/div>\n<\/div>[vc_empty_space height=\u00bb35px\u00bb]<div class=\"edgtf-progress-bar  edgtf-pb-percent-floating\">\n\t<h6 class=\"edgtf-pb-title-holder\" >\n\t\t<span class=\"edgtf-pb-title\">Publicidad<\/span>\n\t\t<span class=\"edgtf-pb-percent\">0<\/span>\n\t<\/h6>\n\t<div class=\"edgtf-pb-content-holder\" >\n\t\t<div data-percentage=100 class=\"edgtf-pb-content\" ><\/div>\n\t<\/div>\n<\/div>[vc_empty_space height=\u00bb35px\u00bb]<div class=\"edgtf-progress-bar  edgtf-pb-percent-floating\">\n\t<h6 class=\"edgtf-pb-title-holder\" >\n\t\t<span class=\"edgtf-pb-title\">Dise\u00f1o<\/span>\n\t\t<span class=\"edgtf-pb-percent\">0<\/span>\n\t<\/h6>\n\t<div class=\"edgtf-pb-content-holder\" >\n\t\t<div data-percentage=100 class=\"edgtf-pb-content\" ><\/div>\n\t<\/div>\n<\/div>[vc_empty_space height=\u00bb8px\u00bb]<div class=\"edgtf-progress-bar  edgtf-pb-percent-floating\">\n\t<h6 class=\"edgtf-pb-title-holder\" >\n\t\t<span class=\"edgtf-pb-title\">Social Media<\/span>\n\t\t<span class=\"edgtf-pb-percent\">0<\/span>\n\t<\/h6>\n\t<div class=\"edgtf-pb-content-holder\" >\n\t\t<div data-percentage=100 class=\"edgtf-pb-content\" ><\/div>\n\t<\/div>\n<\/div>[vc_empty_space height=\u00bb8px\u00bb]<div class=\"edgtf-progress-bar  edgtf-pb-percent-floating\">\n\t<h6 class=\"edgtf-pb-title-holder\" >\n\t\t<span class=\"edgtf-pb-title\">Web<\/span>\n\t\t<span class=\"edgtf-pb-percent\">0<\/span>\n\t<\/h6>\n\t<div class=\"edgtf-pb-content-holder\" >\n\t\t<div data-percentage=100 class=\"edgtf-pb-content\" ><\/div>\n\t<\/div>\n<\/div>[vc_empty_space height=\u00bb8px\u00bb]<div class=\"edgtf-progress-bar  edgtf-pb-percent-floating\">\n\t<h6 class=\"edgtf-pb-title-holder\" >\n\t\t<span class=\"edgtf-pb-title\">Eventos<\/span>\n\t\t<span class=\"edgtf-pb-percent\">0<\/span>\n\t<\/h6>\n\t<div class=\"edgtf-pb-content-holder\" >\n\t\t<div data-percentage=100 class=\"edgtf-pb-content\" ><\/div>\n\t<\/div>\n<\/div>[vc_empty_space height=\u00bb8px\u00bb]\t\t<\/div>\n\t<\/div>\n<\/div><\/div>[\/vc_column][\/vc_row]<\/p>\n","protected":false},"excerpt":{"rendered":"<p>[vc_row][vc_column][\/vc_column][\/vc_row][vc_row row_content_width=\u00bbgrid\u00bb css=\u00bb.vc_custom_1547481087568{padding-top: 148px !important;}\u00bb][vc_column][\/vc_column][\/vc_row][vc_row content_placement=\u00bbtop\u00bb row_content_width=\u00bbgrid\u00bb css=\u00bb.vc_custom_1545926961944{padding-top: 32px !important;padding-bottom: 153px !important;}\u00bb][vc_column][\/vc_column][\/vc_row][vc_row content_placement=\u00bbtop\u00bb row_content_width=\u00bbgrid\u00bb css=\u00bb.vc_custom_1545926961944{padding-top: 32px !important;padding-bottom: 153px !important;}\u00bb][vc_column][\/vc_column][\/vc_row][vc_row content_placement=\u00bbbottom\u00bb row_content_width=\u00bbgrid\u00bb css=\u00bb.vc_custom_1549022023132{padding-top: 170px !important;padding-bottom: 183px !important;}\u00bb][vc_column][\/vc_column][\/vc_row]<\/p>\n","protected":false},"author":1,"featured_media":0,"parent":0,"menu_order":0,"comment_status":"closed","ping_status":"closed","template":"full-width.php","meta":{"_monsterinsights_skip_tracking":false,"_monsterinsights_sitenote_active":false,"_monsterinsights_sitenote_note":"","_monsterinsights_sitenote_category":0,"footnotes":""},"class_list":["post-387","page","type-page","status-publish","hentry"],"yoast_head":"<!-- This site is optimized with the Yoast SEO plugin v22.3 - https:\/\/yoast.com\/wordpress\/plugins\/seo\/ -->\n<title>Servicios - 20 Monos<\/title>\n<meta name=\"description\" content=\"Servicios\" \/>\n<meta name=\"robots\" content=\"index, follow, max-snippet:-1, max-image-preview:large, max-video-preview:-1\" \/>\n<link rel=\"canonical\" href=\"https:\/\/www.20monos.com\/index.php\/servicios\/\" \/>\n<meta property=\"og:locale\" content=\"es_ES\" \/>\n<meta property=\"og:type\" content=\"article\" \/>\n<meta property=\"og:title\" content=\"Servicios - 20 Monos\" \/>\n<meta property=\"og:description\" content=\"Servicios\" \/>\n<meta property=\"og:url\" content=\"https:\/\/www.20monos.com\/index.php\/servicios\/\" \/>\n<meta property=\"og:site_name\" content=\"20 Monos\" \/>\n<meta property=\"article:modified_time\" content=\"2026-01-20T11:50:26+00:00\" \/>\n<meta name=\"twitter:card\" content=\"summary_large_image\" \/>\n<meta name=\"twitter:label1\" content=\"Tiempo de lectura\" \/>\n\t<meta name=\"twitter:data1\" content=\"3 minutos\" \/>\n<script type=\"application\/ld+json\" class=\"yoast-schema-graph\">{\"@context\":\"https:\/\/schema.org\",\"@graph\":[{\"@type\":\"WebPage\",\"@id\":\"https:\/\/www.20monos.com\/index.php\/servicios\/\",\"url\":\"https:\/\/www.20monos.com\/index.php\/servicios\/\",\"name\":\"Servicios - 20 Monos\",\"isPartOf\":{\"@id\":\"https:\/\/www.20monos.com\/#website\"},\"datePublished\":\"2019-01-04T13:24:13+00:00\",\"dateModified\":\"2026-01-20T11:50:26+00:00\",\"description\":\"Servicios\",\"breadcrumb\":{\"@id\":\"https:\/\/www.20monos.com\/index.php\/servicios\/#breadcrumb\"},\"inLanguage\":\"es\",\"potentialAction\":[{\"@type\":\"ReadAction\",\"target\":[\"https:\/\/www.20monos.com\/index.php\/servicios\/\"]}]},{\"@type\":\"BreadcrumbList\",\"@id\":\"https:\/\/www.20monos.com\/index.php\/servicios\/#breadcrumb\",\"itemListElement\":[{\"@type\":\"ListItem\",\"position\":1,\"name\":\"Portada\",\"item\":\"https:\/\/www.20monos.com\/\"},{\"@type\":\"ListItem\",\"position\":2,\"name\":\"Servicios\"}]},{\"@type\":\"WebSite\",\"@id\":\"https:\/\/www.20monos.com\/#website\",\"url\":\"https:\/\/www.20monos.com\/\",\"name\":\"20 Monos\",\"description\":\"Marketing y publicidad\",\"potentialAction\":[{\"@type\":\"SearchAction\",\"target\":{\"@type\":\"EntryPoint\",\"urlTemplate\":\"https:\/\/www.20monos.com\/?s={search_term_string}\"},\"query-input\":\"required name=search_term_string\"}],\"inLanguage\":\"es\"}]}<\/script>\n<!-- \/ Yoast SEO plugin. -->","yoast_head_json":{"title":"Servicios - 20 Monos","description":"Servicios","robots":{"index":"index","follow":"follow","max-snippet":"max-snippet:-1","max-image-preview":"max-image-preview:large","max-video-preview":"max-video-preview:-1"},"canonical":"https:\/\/www.20monos.com\/index.php\/servicios\/","og_locale":"es_ES","og_type":"article","og_title":"Servicios - 20 Monos","og_description":"Servicios","og_url":"https:\/\/www.20monos.com\/index.php\/servicios\/","og_site_name":"20 Monos","article_modified_time":"2026-01-20T11:50:26+00:00","twitter_card":"summary_large_image","twitter_misc":{"Tiempo de lectura":"3 minutos"},"schema":{"@context":"https:\/\/schema.org","@graph":[{"@type":"WebPage","@id":"https:\/\/www.20monos.com\/index.php\/servicios\/","url":"https:\/\/www.20monos.com\/index.php\/servicios\/","name":"Servicios - 20 Monos","isPartOf":{"@id":"https:\/\/www.20monos.com\/#website"},"datePublished":"2019-01-04T13:24:13+00:00","dateModified":"2026-01-20T11:50:26+00:00","description":"Servicios","breadcrumb":{"@id":"https:\/\/www.20monos.com\/index.php\/servicios\/#breadcrumb"},"inLanguage":"es","potentialAction":[{"@type":"ReadAction","target":["https:\/\/www.20monos.com\/index.php\/servicios\/"]}]},{"@type":"BreadcrumbList","@id":"https:\/\/www.20monos.com\/index.php\/servicios\/#breadcrumb","itemListElement":[{"@type":"ListItem","position":1,"name":"Portada","item":"https:\/\/www.20monos.com\/"},{"@type":"ListItem","position":2,"name":"Servicios"}]},{"@type":"WebSite","@id":"https:\/\/www.20monos.com\/#website","url":"https:\/\/www.20monos.com\/","name":"20 Monos","description":"Marketing y publicidad","potentialAction":[{"@type":"SearchAction","target":{"@type":"EntryPoint","urlTemplate":"https:\/\/www.20monos.com\/?s={search_term_string}"},"query-input":"required name=search_term_string"}],"inLanguage":"es"}]}},"_links":{"self":[{"href":"https:\/\/www.20monos.com\/index.php\/wp-json\/wp\/v2\/pages\/387","targetHints":{"allow":["GET"]}}],"collection":[{"href":"https:\/\/www.20monos.com\/index.php\/wp-json\/wp\/v2\/pages"}],"about":[{"href":"https:\/\/www.20monos.com\/index.php\/wp-json\/wp\/v2\/types\/page"}],"author":[{"embeddable":true,"href":"https:\/\/www.20monos.com\/index.php\/wp-json\/wp\/v2\/users\/1"}],"replies":[{"embeddable":true,"href":"https:\/\/www.20monos.com\/index.php\/wp-json\/wp\/v2\/comments?post=387"}],"version-history":[{"count":21,"href":"https:\/\/www.20monos.com\/index.php\/wp-json\/wp\/v2\/pages\/387\/revisions"}],"predecessor-version":[{"id":3792,"href":"https:\/\/www.20monos.com\/index.php\/wp-json\/wp\/v2\/pages\/387\/revisions\/3792"}],"wp:attachment":[{"href":"https:\/\/www.20monos.com\/index.php\/wp-json\/wp\/v2\/media?parent=387"}],"curies":[{"name":"wp","href":"https:\/\/api.w.org\/{rel}","templated":true}]}}